{"id":1191,"date":"2015-03-20T11:47:08","date_gmt":"2015-03-20T10:47:08","guid":{"rendered":"http:\/\/corno.de\/oster\/?page_id=1191"},"modified":"2015-03-20T11:47:08","modified_gmt":"2015-03-20T10:47:08","slug":"1994-35-sommerkurs","status":"publish","type":"page","link":"https:\/\/robert-ostermeyer.de\/?page_id=1191","title":{"rendered":"1994 &#8211; 35. Sommerkurs"},"content":{"rendered":"<p>Adressenliste des 35. Internationalen Sommerkurses Junger Instrumentalisten 1994<\/p>\n<p>Russalin\u00e1 Russalinov\u00e1 Arnadov\u00e1 -Violine<br \/>\nOgnian Stefanov Valev &#8211; Gitarre<br \/>\nDeian Venelinov Toptchiev &#8211; Fagott<br \/>\nJ\u00e1rosl\u00e1w Tabor &#8211; Viola<br \/>\nSl\u00e1womir\u00e1 Cisoii &#8211; Cello<br \/>\nMonika Korzeniowska &#8211; Violine<\/p>\n<p>Klara Olivova<br \/>\nPetra Oliviva<br \/>\nMartina Otoupalikova &#8211; Cello<br \/>\nMichaela Tesarova -Viola<br \/>\nKarel Mitas &#8211; Violine<br \/>\nFilip Kostelecky &#8211;<br \/>\nJiri Kalas<br \/>\nJan Meisl &#8211; Akkordeon<br \/>\nLibor Meisl &#8211; Violine<br \/>\nVera Wachsmannova &#8211;<br \/>\nVaclav Polivka &#8211; Violine<br \/>\nHana Krikavova &#8211;<br \/>\nJan Thuri &#8211; Oboe<br \/>\nVilem Veverka &#8211; Oboe<br \/>\nMartina Pavkova &#8211;<br \/>\nEva Valtova<br \/>\nJan Valta<br \/>\nAlena H\u00f6nigova<br \/>\nPetra Prylova<br \/>\nJana Kopecka<br \/>\nAndrea Breiter &#8211; Horn<br \/>\nGesine Friedrich &#8211; Cello<br \/>\nSusan G\u00f6ckeritz &#8211; Klarinette<br \/>\nAmrai Gro\u00dfe &#8211; Violine<br \/>\nDorothea Grundig &#8211; Viola<br \/>\nSusanne R\u00fcmpler &#8211; Violine<br \/>\nYvonne Uhlmann &#8211; Viola<br \/>\nCarsten Hundt &#8211; Kontrabass<br \/>\nMathias Kiesling &#8211; Fl\u00f6te<br \/>\nChristoph Knitt &#8211; Fagott<br \/>\nThorsten Hohensee &#8211; Oboe<br \/>\nCarsten Meyer &#8211; Posaune<br \/>\nUlrich Neumann &#8211; Trompete<br \/>\nRobert Ostermeyer &#8211; Horn<br \/>\nMarcel Richter &#8211; Pauken<br \/>\nBernd Schober &#8211; Oboe<br \/>\nSebastian Streich &#8211; Klavier<br \/>\nSteffen Wendlik &#8211; Posaune<br \/>\nIna Tornow-<br \/>\nEmanuele Sgherri &#8211; Klavier<br \/>\nDante Yenque &#8211; Horn<\/p>\n\n<div class=\"twitter-share\"><a href=\"https:\/\/twitter.com\/intent\/tweet?via=corno_de\" class=\"twitter-share-button external\" rel=\"nofollow\" target=\"_blank\">Twittern<\/a><\/div>\n","protected":false},"excerpt":{"rendered":"<p>Adressenliste des 35. Internationalen Sommerkurses Junger Instrumentalisten 1994 Russalin\u00e1 Russalinov\u00e1 Arnadov\u00e1 -Violine Ognian Stefanov Valev &#8211; Gitarre Deian Venelinov Toptchiev &#8211; Fagott J\u00e1rosl\u00e1w Tabor &#8211; Viola Sl\u00e1womir\u00e1 Cisoii &#8211; Cello Monika Korzeniowska &#8211; Violine Klara Olivova Petra Oliviva Martina Otoupalikova &#8211; Cello Michaela Tesarova -Viola Karel Mitas &#8211; Violine Filip Kostelecky &#8211; Jiri Kalas Jan &hellip;<\/p>\n<p class=\"read-more\"> <a class=\"\" href=\"https:\/\/robert-ostermeyer.de\/?page_id=1191\"> <span class=\"screen-reader-text\">1994 &#8211; 35. Sommerkurs<\/span> Weiterlesen &raquo;<\/a><\/p>\n","protected":false},"author":1,"featured_media":0,"parent":15,"menu_order":9,"comment_status":"open","ping_status":"open","template":"","meta":{"site-sidebar-layout":"default","site-content-layout":"default","ast-global-header-display":"","ast-main-header-display":"","ast-hfb-above-header-display":"","ast-hfb-below-header-display":"","ast-hfb-mobile-header-display":"","site-post-title":"","ast-breadcrumbs-content":"","ast-featured-img":"","footer-sml-layout":"","theme-transparent-header-meta":"","adv-header-id-meta":"","stick-header-meta":"","header-above-stick-meta":"","header-main-stick-meta":"","header-below-stick-meta":"","ngg_post_thumbnail":0,"pgc_sgb_lightbox_settings":""},"wppr_data":[],"_links":{"self":[{"href":"https:\/\/robert-ostermeyer.de\/index.php?rest_route=\/wp\/v2\/pages\/1191"}],"collection":[{"href":"https:\/\/robert-ostermeyer.de\/index.php?rest_route=\/wp\/v2\/pages"}],"about":[{"href":"https:\/\/robert-ostermeyer.de\/index.php?rest_route=\/wp\/v2\/types\/page"}],"author":[{"embeddable":true,"href":"https:\/\/robert-ostermeyer.de\/index.php?rest_route=\/wp\/v2\/users\/1"}],"replies":[{"embeddable":true,"href":"https:\/\/robert-ostermeyer.de\/index.php?rest_route=%2Fwp%2Fv2%2Fcomments&post=1191"}],"version-history":[{"count":1,"href":"https:\/\/robert-ostermeyer.de\/index.php?rest_route=\/wp\/v2\/pages\/1191\/revisions"}],"predecessor-version":[{"id":1192,"href":"https:\/\/robert-ostermeyer.de\/index.php?rest_route=\/wp\/v2\/pages\/1191\/revisions\/1192"}],"up":[{"embeddable":true,"href":"https:\/\/robert-ostermeyer.de\/index.php?rest_route=\/wp\/v2\/pages\/15"}],"wp:attachment":[{"href":"https:\/\/robert-ostermeyer.de\/index.php?rest_route=%2Fwp%2Fv2%2Fmedia&parent=1191"}],"curies":[{"name":"wp","href":"https:\/\/api.w.org\/{rel}","templated":true}]}}