{"id":1211,"date":"2015-03-20T12:39:35","date_gmt":"2015-03-20T11:39:35","guid":{"rendered":"http:\/\/corno.de\/oster\/?page_id=1211"},"modified":"2022-02-12T09:06:06","modified_gmt":"2022-02-12T08:06:06","slug":"2000-41-sommerkurs","status":"publish","type":"page","link":"https:\/\/robert-ostermeyer.de\/?page_id=1211","title":{"rendered":"2000 &#8211; 41. Sommerkurs"},"content":{"rendered":"\n<p>41. Internationalen Sommerkurses Junger Instrumentalisten 2000<\/p>\n\n\n\n<p>B\u00f6hlke, Andreas<br \/>Christov, Raitscho<br \/>Goudschaal, Hinnes<br \/>Kiesling, Eckhard<br \/>Link, Oliver<br \/>Muck, Conrad<br \/>Orlowsky, Raimar<br \/>Reiche, Johannes<br \/>Schulz, Prof. Gernot<br \/>Zelenka, Prof. Rudolf<\/p>\n\n\n\n<p>Bahr, Katharina<br \/>Bassenge, Ulrike<br \/>Beyer, Christian<br \/>Brauer, Gunter<br \/>Dietzmann, Antje<br \/>Domschula, Jasmin<br \/>Torgelow Dwars, Inken<br \/>Eulenstein, Uta<br \/>Fichtel, Stefan<br \/>Gl\u00fccksmann, Alexander<br \/>Golka, Gerald<br \/>Grie\u00dfer, Ilka<br \/>Grube, Florian<br \/>Gr\u00fcner, Franziska<br \/>Guide, Sophia<br \/>Hans, Susanne<br \/>Hau\u00dfig, Tobias<br \/>H\u00f6che, Karen<br \/>H\u00f6hn, Christoph<br \/>Holdgr\u00fcn, Holger<br \/>Horie, Ryutaro<br \/>Iso, Akio<br \/>Janicki, Jan<br \/>Kiesling, Mathias<br \/>Knitt, Christoph<br \/>Kobrinski, Franziska<br \/>Kostadinov, Atanas<br \/>Leonhardt, Anna-Maria<br \/>Meyer, Felix<br \/>Richter, Marcel<br \/>Runne, Uta<br \/>Scharruhn, Anja<br \/>Schenk, Volker<br \/>Schmicker, Stefan<br \/>Schmidt, Guntram<br \/>Schmied, Uta<br \/>Sch\u00f6del, Elias<br \/>Schroeder, Karsten<br \/>Schultheis, Svenja<br \/>Schwarz, Anne-Christin<br \/>Sokolov, Viktor<br \/>Spretke, Juliane<br \/>Sugita, Shoko<br \/>T\u00f6pfer, Luis<br \/>Uhle, Alexander<br \/>Uhle, Barbara<br \/>Uhle, Wiebke<br \/>Unger, Michael<br \/>Valtscheva, Maia<br \/>Valtscheva, Nina<br \/>von Koch, Katharina<br \/>Wappler, Robinson<br \/>Wendlik, Steffen<br \/>Wieg, Vincenz<br \/>Winter, Isolde<br \/>Wolf, Juliane<br \/>Ziesche, Bettina<br \/>Zocher, Claudia<\/p>\n\n<div class=\"twitter-share\"><a href=\"https:\/\/twitter.com\/intent\/tweet?via=corno_de\" class=\"twitter-share-button external\" rel=\"nofollow\" target=\"_blank\">Twittern<\/a><\/div>\n","protected":false},"excerpt":{"rendered":"<p>41. Internationalen Sommerkurses Junger Instrumentalisten 2000 B\u00f6hlke, AndreasChristov, RaitschoGoudschaal, HinnesKiesling, EckhardLink, OliverMuck, ConradOrlowsky, RaimarReiche, JohannesSchulz, Prof. GernotZelenka, Prof. Rudolf Bahr, KatharinaBassenge, UlrikeBeyer, ChristianBrauer, GunterDietzmann, AntjeDomschula, JasminTorgelow Dwars, InkenEulenstein, UtaFichtel, StefanGl\u00fccksmann, AlexanderGolka, GeraldGrie\u00dfer, IlkaGrube, FlorianGr\u00fcner, FranziskaGuide, SophiaHans, SusanneHau\u00dfig, TobiasH\u00f6che, KarenH\u00f6hn, ChristophHoldgr\u00fcn, HolgerHorie, RyutaroIso, AkioJanicki, JanKiesling, MathiasKnitt, ChristophKobrinski, FranziskaKostadinov, AtanasLeonhardt, Anna-MariaMeyer, FelixRichter, MarcelRunne, UtaScharruhn, AnjaSchenk, VolkerSchmicker, StefanSchmidt, &hellip;<\/p>\n<p class=\"read-more\"> <a class=\"\" href=\"https:\/\/robert-ostermeyer.de\/?page_id=1211\"> <span class=\"screen-reader-text\">2000 &#8211; 41. Sommerkurs<\/span> Weiterlesen &raquo;<\/a><\/p>\n","protected":false},"author":1,"featured_media":0,"parent":15,"menu_order":20,"comment_status":"closed","ping_status":"open","template":"","meta":{"site-sidebar-layout":"default","site-content-layout":"default","ast-global-header-display":"","ast-main-header-display":"","ast-hfb-above-header-display":"","ast-hfb-below-header-display":"","ast-hfb-mobile-header-display":"","site-post-title":"","ast-breadcrumbs-content":"","ast-featured-img":"","footer-sml-layout":"","theme-transparent-header-meta":"","adv-header-id-meta":"","stick-header-meta":"","header-above-stick-meta":"","header-main-stick-meta":"","header-below-stick-meta":"","ngg_post_thumbnail":0,"pgc_sgb_lightbox_settings":""},"wppr_data":{"cwp_meta_box_check":"No"},"_links":{"self":[{"href":"https:\/\/robert-ostermeyer.de\/index.php?rest_route=\/wp\/v2\/pages\/1211"}],"collection":[{"href":"https:\/\/robert-ostermeyer.de\/index.php?rest_route=\/wp\/v2\/pages"}],"about":[{"href":"https:\/\/robert-ostermeyer.de\/index.php?rest_route=\/wp\/v2\/types\/page"}],"author":[{"embeddable":true,"href":"https:\/\/robert-ostermeyer.de\/index.php?rest_route=\/wp\/v2\/users\/1"}],"replies":[{"embeddable":true,"href":"https:\/\/robert-ostermeyer.de\/index.php?rest_route=%2Fwp%2Fv2%2Fcomments&post=1211"}],"version-history":[{"count":2,"href":"https:\/\/robert-ostermeyer.de\/index.php?rest_route=\/wp\/v2\/pages\/1211\/revisions"}],"predecessor-version":[{"id":6107,"href":"https:\/\/robert-ostermeyer.de\/index.php?rest_route=\/wp\/v2\/pages\/1211\/revisions\/6107"}],"up":[{"embeddable":true,"href":"https:\/\/robert-ostermeyer.de\/index.php?rest_route=\/wp\/v2\/pages\/15"}],"wp:attachment":[{"href":"https:\/\/robert-ostermeyer.de\/index.php?rest_route=%2Fwp%2Fv2%2Fmedia&parent=1211"}],"curies":[{"name":"wp","href":"https:\/\/api.w.org\/{rel}","templated":true}]}}