{"id":17,"date":"2015-03-08T19:36:49","date_gmt":"2015-03-08T18:36:49","guid":{"rendered":"http:\/\/corno.de\/oster\/?page_id=17"},"modified":"2018-09-22T10:06:41","modified_gmt":"2018-09-22T08:06:41","slug":"25-internationaler-sommerkurs-jugend-musiziert-august-1984","status":"publish","type":"page","link":"https:\/\/robert-ostermeyer.de\/?page_id=17","title":{"rendered":"1984 &#8211; 25. Sommerkurs"},"content":{"rendered":"<p><strong>25. Internationaler Sommerkurs \u201cJugend musiziert\u201d August 1984<\/strong><\/p>\n<p>&#8211; aus dem Ged\u00e4chtnis, bitte helfen\u2026!<\/p>\n<p>Dozent<br \/>\nRainer Hucke \u2013 Kontrabass<br \/>\nEckhard Kiesling \u2013 Violine<br \/>\nWolfgang Unger &#8211; Blechbl\u00e4ser<br \/>\nAndreas Marschik -Viola<\/p>\n<p>Violine<br \/>\nDorothea Neumann<br \/>\nTilman B\u00fcning<br \/>\nBirgit K\u00fchne<br \/>\nMichaela B\u00e1rt\u00e1kova<\/p>\n<p>Viola<br \/>\nIvo Bauer<\/p>\n<p>Cello<br \/>\nMatthias Moosdorf<br \/>\nChristian Tr\u00e4nkner<\/p>\n<p>Fl\u00f6te<br \/>\nAntje Schurrock<\/p>\n<p>Horn<br \/>\nRobert Ostermeyer<br \/>\nPeter Schulz<br \/>\nClaudia Trosin<\/p>\n<p>Pauke<br \/>\nHagen Hauser<\/p>\n<p>Cembalo\/Klavier<br \/>\nUlrike Kleinschmidt<\/p>\n\n<div class=\"twitter-share\"><a href=\"https:\/\/twitter.com\/intent\/tweet?via=corno_de\" class=\"twitter-share-button external\" rel=\"nofollow\" target=\"_blank\">Twittern<\/a><\/div>\n","protected":false},"excerpt":{"rendered":"<p>25. Internationaler Sommerkurs \u201cJugend musiziert\u201d August 1984 &#8211; aus dem Ged\u00e4chtnis, bitte helfen\u2026! Dozent Rainer Hucke \u2013 Kontrabass Eckhard Kiesling \u2013 Violine Wolfgang Unger &#8211; Blechbl\u00e4ser Andreas Marschik -Viola Violine Dorothea Neumann Tilman B\u00fcning Birgit K\u00fchne Michaela B\u00e1rt\u00e1kova Viola Ivo Bauer Cello Matthias Moosdorf Christian Tr\u00e4nkner Fl\u00f6te Antje Schurrock Horn Robert Ostermeyer Peter Schulz Claudia &hellip;<\/p>\n<p class=\"read-more\"> <a class=\"\" href=\"https:\/\/robert-ostermeyer.de\/?page_id=17\"> <span class=\"screen-reader-text\">1984 &#8211; 25. Sommerkurs<\/span> Weiterlesen &raquo;<\/a><\/p>\n","protected":false},"author":1,"featured_media":0,"parent":15,"menu_order":0,"comment_status":"open","ping_status":"closed","template":"","meta":{"site-sidebar-layout":"default","site-content-layout":"default","ast-global-header-display":"","ast-main-header-display":"","ast-hfb-above-header-display":"","ast-hfb-below-header-display":"","ast-hfb-mobile-header-display":"","site-post-title":"","ast-breadcrumbs-content":"","ast-featured-img":"","footer-sml-layout":"","theme-transparent-header-meta":"","adv-header-id-meta":"","stick-header-meta":"","header-above-stick-meta":"","header-main-stick-meta":"","header-below-stick-meta":"","ngg_post_thumbnail":0,"pgc_sgb_lightbox_settings":""},"wppr_data":[],"_links":{"self":[{"href":"https:\/\/robert-ostermeyer.de\/index.php?rest_route=\/wp\/v2\/pages\/17"}],"collection":[{"href":"https:\/\/robert-ostermeyer.de\/index.php?rest_route=\/wp\/v2\/pages"}],"about":[{"href":"https:\/\/robert-ostermeyer.de\/index.php?rest_route=\/wp\/v2\/types\/page"}],"author":[{"embeddable":true,"href":"https:\/\/robert-ostermeyer.de\/index.php?rest_route=\/wp\/v2\/users\/1"}],"replies":[{"embeddable":true,"href":"https:\/\/robert-ostermeyer.de\/index.php?rest_route=%2Fwp%2Fv2%2Fcomments&post=17"}],"version-history":[{"count":8,"href":"https:\/\/robert-ostermeyer.de\/index.php?rest_route=\/wp\/v2\/pages\/17\/revisions"}],"predecessor-version":[{"id":5732,"href":"https:\/\/robert-ostermeyer.de\/index.php?rest_route=\/wp\/v2\/pages\/17\/revisions\/5732"}],"up":[{"embeddable":true,"href":"https:\/\/robert-ostermeyer.de\/index.php?rest_route=\/wp\/v2\/pages\/15"}],"wp:attachment":[{"href":"https:\/\/robert-ostermeyer.de\/index.php?rest_route=%2Fwp%2Fv2%2Fmedia&parent=17"}],"curies":[{"name":"wp","href":"https:\/\/api.w.org\/{rel}","templated":true}]}}